{"id":144,"date":"2019-02-28T13:25:48","date_gmt":"2019-02-28T13:25:48","guid":{"rendered":"https:\/\/www.werbegemeinschaft-ettlingen.de\/?page_id=144"},"modified":"2023-09-15T12:49:59","modified_gmt":"2023-09-15T12:49:59","slug":"unsere-mitglieder","status":"publish","type":"page","link":"https:\/\/www.werbegemeinschaft-ettlingen.de\/index.php\/mitgliedschaft\/unsere-mitglieder\/","title":{"rendered":"Unsere Mitglieder"},"content":{"rendered":"\t\t<div data-elementor-type=\"wp-page\" data-elementor-id=\"144\" class=\"elementor elementor-144\">\n\t\t\t\t\t\t<section class=\"elementor-section elementor-top-section elementor-element elementor-element-47cc6e9d elementor-section-boxed elementor-section-height-default elementor-section-height-default\" data-id=\"47cc6e9d\" data-element_type=\"section\" data-e-type=\"section\">\n\t\t\t\t\t\t<div class=\"elementor-container elementor-column-gap-default\">\n\t\t\t\t\t<div class=\"elementor-column elementor-col-100 elementor-top-column elementor-element elementor-element-3ca1af9c\" data-id=\"3ca1af9c\" data-element_type=\"column\" data-e-type=\"column\">\n\t\t\t<div class=\"elementor-widget-wrap elementor-element-populated\">\n\t\t\t\t\t\t<div class=\"elementor-element elementor-element-516bd148 elementor-widget elementor-widget-text-editor\" data-id=\"516bd148\" data-element_type=\"widget\" data-e-type=\"widget\" data-widget_type=\"text-editor.default\">\n\t\t\t\t<div class=\"elementor-widget-container\">\n\t\t\t\t\t\t\t\t\t<p><\/p>\n<p>Eine starke Gemeinschaft verschiedener Gewerbetreibenden sorgen mit Ihren Mitgliederbeitr\u00e4gen f\u00fcr den Erhalt und die F\u00f6rderung der Innenstadt von Ettlingen.<\/p>\n<p><strong>Aktuell z\u00e4hlen \u00fcber 60 aktive Mitglieder zu unserem Verbund.<\/strong><\/p>\n<p>Zur Mitglieder\u00fcbersicht:<\/p>\n<p><\/p>\t\t\t\t\t\t\t\t<\/div>\n\t\t\t\t<\/div>\n\t\t\t\t<div class=\"elementor-element elementor-element-0565bcf elementor-button-info elementor-align-left elementor-widget elementor-widget-button\" data-id=\"0565bcf\" data-element_type=\"widget\" data-e-type=\"widget\" data-widget_type=\"button.default\">\n\t\t\t\t<div class=\"elementor-widget-container\">\n\t\t\t\t\t\t\t\t\t<div class=\"elementor-button-wrapper\">\n\t\t\t\t\t<a class=\"elementor-button elementor-button-link elementor-size-md\" href=\"https:\/\/www.werbegemeinschaft-ettlingen.de\/wp-content\/newsletter\/Mitglieder.pdf\">\n\t\t\t\t\t\t<span class=\"elementor-button-content-wrapper\">\n\t\t\t\t\t\t<span class=\"elementor-button-icon\">\n\t\t\t\t<i aria-hidden=\"true\" class=\"far fa-list-alt\"><\/i>\t\t\t<\/span>\n\t\t\t\t\t\t\t\t\t<span class=\"elementor-button-text\">Mitgliederliste herunterladen<\/span>\n\t\t\t\t\t<\/span>\n\t\t\t\t\t<\/a>\n\t\t\t\t<\/div>\n\t\t\t\t\t\t\t\t<\/div>\n\t\t\t\t<\/div>\n\t\t\t\t\t<\/div>\n\t\t<\/div>\n\t\t\t\t\t<\/div>\n\t\t<\/section>\n\t\t\t\t<\/div>\n\t\t","protected":false},"excerpt":{"rendered":"<p>Eine starke Gemeinschaft verschiedener Gewerbetreibenden sorgen mit Ihren Mitgliederbeitr\u00e4gen f\u00fcr den Erhalt und die F\u00f6rderung der Innenstadt von Ettlingen. Aktuell z\u00e4hlen \u00fcber 60 aktive Mitglieder zu unserem Verbund. Zur Mitglieder\u00fcbersicht: Mitgliederliste herunterladen<\/p>\n","protected":false},"author":1,"featured_media":0,"parent":64,"menu_order":0,"comment_status":"closed","ping_status":"closed","template":"","meta":{"footnotes":""},"class_list":["post-144","page","type-page","status-publish"],"aioseo_notices":[],"_links":{"self":[{"href":"https:\/\/www.werbegemeinschaft-ettlingen.de\/index.php\/wp-json\/wp\/v2\/pages\/144","targetHints":{"allow":["GET"]}}],"collection":[{"href":"https:\/\/www.werbegemeinschaft-ettlingen.de\/index.php\/wp-json\/wp\/v2\/pages"}],"about":[{"href":"https:\/\/www.werbegemeinschaft-ettlingen.de\/index.php\/wp-json\/wp\/v2\/types\/page"}],"author":[{"embeddable":true,"href":"https:\/\/www.werbegemeinschaft-ettlingen.de\/index.php\/wp-json\/wp\/v2\/users\/1"}],"replies":[{"embeddable":true,"href":"https:\/\/www.werbegemeinschaft-ettlingen.de\/index.php\/wp-json\/wp\/v2\/comments?post=144"}],"version-history":[{"count":7,"href":"https:\/\/www.werbegemeinschaft-ettlingen.de\/index.php\/wp-json\/wp\/v2\/pages\/144\/revisions"}],"predecessor-version":[{"id":515,"href":"https:\/\/www.werbegemeinschaft-ettlingen.de\/index.php\/wp-json\/wp\/v2\/pages\/144\/revisions\/515"}],"up":[{"embeddable":true,"href":"https:\/\/www.werbegemeinschaft-ettlingen.de\/index.php\/wp-json\/wp\/v2\/pages\/64"}],"wp:attachment":[{"href":"https:\/\/www.werbegemeinschaft-ettlingen.de\/index.php\/wp-json\/wp\/v2\/media?parent=144"}],"curies":[{"name":"wp","href":"https:\/\/api.w.org\/{rel}","templated":true}]}}