{"id":268,"date":"2020-06-04T17:14:13","date_gmt":"2020-06-04T17:14:13","guid":{"rendered":"https:\/\/www.werbegemeinschaft-ettlingen.de\/?page_id=268"},"modified":"2020-06-06T13:48:43","modified_gmt":"2020-06-06T13:48:43","slug":"vereinssatzung","status":"publish","type":"page","link":"https:\/\/www.werbegemeinschaft-ettlingen.de\/index.php\/mitgliedschaft\/vereinssatzung\/","title":{"rendered":"Vereinssatzung"},"content":{"rendered":"\t\t<div data-elementor-type=\"wp-post\" data-elementor-id=\"268\" class=\"elementor elementor-268\">\n\t\t\t\t\t\t<section class=\"elementor-section elementor-top-section elementor-element elementor-element-1fba7f5 elementor-section-boxed elementor-section-height-default elementor-section-height-default\" data-id=\"1fba7f5\" data-element_type=\"section\" data-e-type=\"section\">\n\t\t\t\t\t\t<div class=\"elementor-container elementor-column-gap-default\">\n\t\t\t\t\t<div class=\"elementor-column elementor-col-100 elementor-top-column elementor-element elementor-element-fdc12a3\" data-id=\"fdc12a3\" data-element_type=\"column\" data-e-type=\"column\">\n\t\t\t<div class=\"elementor-widget-wrap elementor-element-populated\">\n\t\t\t\t\t\t<div class=\"elementor-element elementor-element-34d18dd elementor-widget-divider--view-line_icon elementor-view-default elementor-widget-divider--element-align-center elementor-widget elementor-widget-divider\" data-id=\"34d18dd\" data-element_type=\"widget\" data-e-type=\"widget\" data-widget_type=\"divider.default\">\n\t\t\t\t<div class=\"elementor-widget-container\">\n\t\t\t\t\t\t\t<div class=\"elementor-divider\">\n\t\t\t<span class=\"elementor-divider-separator\">\n\t\t\t\t\t\t\t<div class=\"elementor-icon elementor-divider__element\">\n\t\t\t\t\t<i aria-hidden=\"true\" class=\"fas fa-download\"><\/i><\/div>\n\t\t\t\t\t\t<\/span>\n\t\t<\/div>\n\t\t\t\t\t\t<\/div>\n\t\t\t\t<\/div>\n\t\t\t\t<section class=\"elementor-section elementor-inner-section elementor-element elementor-element-6a9a75e elementor-section-boxed elementor-section-height-default elementor-section-height-default\" data-id=\"6a9a75e\" data-element_type=\"section\" data-e-type=\"section\">\n\t\t\t\t\t\t<div class=\"elementor-container elementor-column-gap-default\">\n\t\t\t\t\t<div class=\"elementor-column elementor-col-50 elementor-inner-column elementor-element elementor-element-4e40f3a\" data-id=\"4e40f3a\" data-element_type=\"column\" data-e-type=\"column\">\n\t\t\t<div class=\"elementor-widget-wrap elementor-element-populated\">\n\t\t\t\t\t\t<div class=\"elementor-element elementor-element-858934d elementor-widget elementor-widget-text-editor\" data-id=\"858934d\" data-element_type=\"widget\" data-e-type=\"widget\" data-widget_type=\"text-editor.default\">\n\t\t\t\t<div class=\"elementor-widget-container\">\n\t\t\t\t\t\t\t\t\t<p>Unsere Vereinssatzung k\u00f6nnen Sie hier auch als PDF herunterladen<\/p><p>\u00a0<\/p>\t\t\t\t\t\t\t\t<\/div>\n\t\t\t\t<\/div>\n\t\t\t\t\t<\/div>\n\t\t<\/div>\n\t\t\t\t<div class=\"elementor-column elementor-col-50 elementor-inner-column elementor-element elementor-element-fd8d281\" data-id=\"fd8d281\" data-element_type=\"column\" data-e-type=\"column\">\n\t\t\t<div class=\"elementor-widget-wrap elementor-element-populated\">\n\t\t\t\t\t\t<div class=\"elementor-element elementor-element-9e21fe6 elementor-align-center elementor-widget elementor-widget-button\" data-id=\"9e21fe6\" data-element_type=\"widget\" data-e-type=\"widget\" data-widget_type=\"button.default\">\n\t\t\t\t<div class=\"elementor-widget-container\">\n\t\t\t\t\t\t\t\t\t<div class=\"elementor-button-wrapper\">\n\t\t\t\t\t<a class=\"elementor-button elementor-button-link elementor-size-md\" href=\"https:\/\/www.werbegemeinschaft-ettlingen.de\/wp-content\/newsletter\/Vereinssatzung%20Werbegemeinschaft%20Ettlingen%20e.V.pdf\">\n\t\t\t\t\t\t<span class=\"elementor-button-content-wrapper\">\n\t\t\t\t\t\t\t\t\t<span class=\"elementor-button-text\">Hier herunterladen<\/span>\n\t\t\t\t\t<\/span>\n\t\t\t\t\t<\/a>\n\t\t\t\t<\/div>\n\t\t\t\t\t\t\t\t<\/div>\n\t\t\t\t<\/div>\n\t\t\t\t\t<\/div>\n\t\t<\/div>\n\t\t\t\t\t<\/div>\n\t\t<\/section>\n\t\t\t\t\t<\/div>\n\t\t<\/div>\n\t\t\t\t\t<\/div>\n\t\t<\/section>\n\t\t\t\t<section class=\"elementor-section elementor-top-section elementor-element elementor-element-ef5a29b elementor-section-boxed elementor-section-height-default elementor-section-height-default\" data-id=\"ef5a29b\" data-element_type=\"section\" data-e-type=\"section\">\n\t\t\t\t\t\t<div class=\"elementor-container elementor-column-gap-default\">\n\t\t\t\t\t<div class=\"elementor-column elementor-col-100 elementor-top-column elementor-element elementor-element-f3a301a\" data-id=\"f3a301a\" data-element_type=\"column\" data-e-type=\"column\">\n\t\t\t<div class=\"elementor-widget-wrap elementor-element-populated\">\n\t\t\t\t\t\t<div class=\"elementor-element elementor-element-4935fa7 elementor-widget elementor-widget-heading\" data-id=\"4935fa7\" data-element_type=\"widget\" data-e-type=\"widget\" data-widget_type=\"heading.default\">\n\t\t\t\t<div class=\"elementor-widget-container\">\n\t\t\t\t\t<h3 class=\"elementor-heading-title elementor-size-default\">Unsere Vereinssatzung<\/h3>\t\t\t\t<\/div>\n\t\t\t\t<\/div>\n\t\t\t\t<div class=\"elementor-element elementor-element-c5473d1 elementor-widget-divider--view-line elementor-widget elementor-widget-divider\" data-id=\"c5473d1\" data-element_type=\"widget\" data-e-type=\"widget\" data-widget_type=\"divider.default\">\n\t\t\t\t<div class=\"elementor-widget-container\">\n\t\t\t\t\t\t\t<div class=\"elementor-divider\">\n\t\t\t<span class=\"elementor-divider-separator\">\n\t\t\t\t\t\t<\/span>\n\t\t<\/div>\n\t\t\t\t\t\t<\/div>\n\t\t\t\t<\/div>\n\t\t\t\t<div class=\"elementor-element elementor-element-23352cf elementor-widget elementor-widget-text-editor\" data-id=\"23352cf\" data-element_type=\"widget\" data-e-type=\"widget\" data-widget_type=\"text-editor.default\">\n\t\t\t\t<div class=\"elementor-widget-container\">\n\t\t\t\t\t\t\t\t\t<p><strong>\u00a7 1 Name, Sitz, Vereinsjahr<\/strong><\/p><p>1. Die Werbegemeinschaft Ettlingen e.V. ist eine Vereinigung von Unternehmen aller Gesch\u00e4ftszweige und Wirtschaftsgruppen sowie von Einzelpersonen in Ettlingen der Rechtsform eines eingetragenen Vereins. Sie ist im Vereinsregister von Ettlingen unter dem Namen Werbegemeinschaft Ettlingen e.V. einzutragen.<\/p><p>2. Sitz des Vereins ist Ettlingen<\/p><p>3. Das Vereinsjahr ist das Kalenderjahr.<\/p><p><strong>\u00a7 2 Zweck des Vereins<\/strong><\/p><p>1. Der Verein hat das Ziel, durch geeignete Werbema\u00dfnahmen die Einkaufsattraktivit\u00e4t der Innenstadt zu erh\u00f6hen und den wirtschaftlichen Erfolg der Mitglieder zu f\u00f6rdern.<\/p><p>2. Der Verein erstrebt keinen wirtschaftlichen Gewinn<\/p><p><strong>\u00a7 3 Erwerb und Verlust der Mitgliedschaft<\/strong><\/p><p>1. Die Mitgliedschaft des Vereins k\u00f6nnen nat\u00fcrliche und juristische Personen erwerben, insbesondere wenn Sie im Einzelhandel, in der Gastronomie, in Dienstleistungsunternehmen oder als Freiberufler im Bereich von Ettlingen t\u00e4tig sind.<\/p><p>2. Personen, die sich um die F\u00f6rderung des Vereins oder der Interessen seiner Mitglieder besondere Verdienste erworben haben, k\u00f6nnen durch Beschluss des Vorstandes zu Ehrenmitgliedern ernannt werden.<\/p><p>3. Der Beitritt ist schriftlich zu erkl\u00e4ren. \u00dcber die Aufnahme eines Mitglieds entscheidet der Vorstand. Wird von diesem ein Aufnahmeantrag abgelehnt, so kann der Antragsteller innerhalb eines Monats nach Zugang des Ablehnungsbescheids Berufung an die Mitgliederversammlung einlegen, die endg\u00fcltig entscheidet.<\/p><p>4. Der Austritt erfolgt durch schriftliche, an den Vorstand zu richtende K\u00fcndigungserkl\u00e4rung. Er kann nur zum Ende eines Kalenderjahres unter Einhaltung einer Frist von drei Monaten erkl\u00e4rt werden. F\u00fcr die Rechtzeitigkeit der K\u00fcndigung kommt es auf deren Eingang beim Verein an.<\/p><p>5. Mitglieder k\u00f6nnen auf Beschluss des Vorstandes ausgeschlossen werden. Zum Ausschluss berechtigende Verst\u00f6\u00dfe liegen insbesondere vor, wenn die Zahlung der Beitr\u00e4ge und Umlagen oder die Erf\u00fcllung von Verpflichtungen trotz F\u00e4lligkeit und Mahnung nicht erfolgt.<\/p><p>6. Das ausscheidende Mitglied hat keinen Anspruch auf das Vereinsverm\u00f6gen.<\/p><p><strong>\u00a7 4 Beitr\u00e4ge<\/strong><\/p><p>1. Jedes Mitglied hat Werbebeitr\u00e4ge und Umlagen gem\u00e4\u00df der in der Mitgliederversammlung gefassten Beschl\u00fcsse zu zahlen.<\/p><p>2. Die Beitr\u00e4ge werden mittels SEPA-Lastschrifteneinzug erhoben. Der Vorstand kann beschlie\u00dfen, f\u00fcr eine andere, vom Mitglied gew\u00fcnschte, Zahlungsweise einen Bearbeitungszuschlag zu erheben. Im Laufe eines Kalenderjahres neu eintretende Mitglieder haben den anteiligen Jahresbeitrag zu entrichten. Die erste Beitragszahlung erfolgt f\u00fcr den Monat, in dem die Mitgliedschaft vom Vorstand best\u00e4tigt wird.<\/p><p><strong>\u00a7 5 Organe des Vereins<\/strong><\/p><p>Die Organe des Vereins sind:<br \/>a) die Mitgliederversammlung<br \/>b) der gesch\u00e4ftsf\u00fchrende Vorstand<br \/>c) der Gesamtvorstand<\/p><p><strong>\u00a7 6 Mitgliederversammlung<\/strong><\/p><p>1. Die Mitgliederversammlungen als oberstes Organ des Vereins finden mindestens einmal j\u00e4hrlich, in der Regel in der ersten Jahresh\u00e4lfte statt.<\/p><p>2. Die Mitgliederversammlung ist vom Vorstand schriftlich einzuberufen. Sie wird vom Vorsitzenden, bei dessen Verhinderung von einem der Stellvertreter geleitet.<\/p><p>3. Die Einladungen zu der Mitgliederversammlung m\u00fcssen unter Mitteilung der Tagesordnung mit einer Frist von mindestens vierzehn Kalendertagen (Datum des Poststempels) ergehen. Antr\u00e4ge auf Erg\u00e4nzung der Tagesordnung m\u00fcssen dem Vorsitzenden sp\u00e4testens vier Kalendertage vor der Mitgliederversammlung schriftlich zugegangen sein.<\/p><p>4. Die Ordnungsm\u00e4\u00dfigkeit der Einladung und der Tagesordnung stellt der<br \/>Vorsitzende zu Beginn der Versammlung ausdr\u00fccklich fest. Beschl\u00fcsse k\u00f6nnen nur zur Tagesordnung gefasst werden.<\/p><p>Jede ordnungsgem\u00e4\u00df einberufene Mitgliederversammlung ist beschlussf\u00e4hig. Die<br \/>Mitgliederversammlung fasst ihre Beschl\u00fcsse mit einfacher Mehrheit der erschienenen und vertretenen Mitglieder. Zur Satzungs\u00e4nderung bedarf es einer Mehrheit von 2\/3 der erschienen Mitglieder.<\/p><p>5. Der Mitgliederversammlung obliegt insbesondere<\/p><p>a) die Wahl des Vorstandes<\/p><p>b) die Wahl von zwei Mitgliedern zur \u00dcberpr\u00fcfung der Kasse und der Rechnungsb\u00fccher (Rechnungspr\u00fcfer)<\/p><p>c) die Genehmigung des Jahresabschlusses<\/p><p>d) die Entlastung des Vorstandes<\/p><p>e) die Beschlussfassung \u00fcber die Beitragsordnung sowie etwaige \u00c4nderungen<\/p><p>f) die Beschlussfassung \u00fcber Ab\u00e4nderung der Satzung<\/p><p>6. Jedes Mitglied hat eine Stimme. Stimmberechtigt und in den Vorstand w\u00e4hlbarsind alle Vollmitglieder, die ihrer Zahlungsverpflichtung bis zum Tage der Mitgliederversammlung in vollem Umfang nachgekommen sind. Ein Mitglied kann sich in der Mitgliederversammlung vertreten lassen. Dies bedarf der Vorlage einer schriftlichen Vollmacht.<\/p><p>7. \u00dcber die Mitgliederversammlung ist ein Protokoll zu f\u00fchren. Dieses wird vom Versammlungsleiter unterzeichnet.<\/p><p>8. Auf Antrag von mindestens 25 % der stimmberechtigten Mitglieder hat der Vorstand eine au\u00dferordentliche Mitgliederversammlung einzuberufen.<\/p><p><strong>\u00a7 7 Vorstand<\/strong><\/p><p>1. Der Vorstand besteht aus:<br \/>a. dem ersten Vorsitzenden<br \/>b. drei stellvertretenden Vorsitzenden<br \/>c. dem Kassierer<br \/>d. dem Schriftf\u00fchrer<\/p><p>2. Ein Vertreter nach Absatz 1b. wird von der Stadt Ettlingen vorgeschlagen.<\/p><p>3. Der Vorsitzende und seine Stellvertreter sind Vorstand im Sinne des \u00a7 26 BGB. Zur Vertretung berechtigt ist der Vorsitzende einzeln oder jeweils zwei andere Vorstandsmitglieder gemeinsam.<\/p><p>4. Dem Gesamtvorstand k\u00f6nnen neben den Mitgliedern des gesch\u00e4ftsf\u00fchrenden Vorstandes noch zwei weitere Beisitzer angeh\u00f6ren.<\/p><p>5. Die Amtszeit betr\u00e4gt 3 Jahre. Wiederwahl ist zul\u00e4ssig. Die Mitglieder des Vorstandes bleiben bis zu einer Neuwahl im Amt.<\/p><p>6. Der Vorstand beschlie\u00dft mit einfacher Stimmenmehrheit<\/p><p>7. Der Vorstand trifft alle f\u00fcr die T\u00e4tigkeit des Vereins erforderlichen Entscheidungen, sofern diese nicht der Mitgliederversammlung obliegen.<\/p><p>8. Die Mitgliederversammlung kann unter den Voraussetzungen des \u00a7 6 Absatz 3 \u00c4nderungen der Satzung mit einer Stimmenmehrheit von 2\/3 der anwesenden Mitglieder beschlie\u00dfen.<\/p><p><strong>\u00a7 8 Aufl\u00f6sung<\/strong><\/p><p>1. Zur Aufl\u00f6sung des Vereins ist die Zustimmung von mindestens 3\/4 der erschienenen Mitglieder erforderlich. Sie kann nur in einer besonders hierf\u00fcr einberufenen Mitgliederversammlung beschlossen werden.<\/p><p>2. Die zum Zeitpunkt der Aufl\u00f6sung vorhandenen Verm\u00f6genswerte werden sozialen Zwecken zugef\u00fchrt.<\/p><p><strong>\u00a7 9 Gerichtsstand<\/strong><\/p><p>Der Gerichtsstand f\u00fcr alle Streitigkeiten ist Ettlingen.<\/p>\t\t\t\t\t\t\t\t<\/div>\n\t\t\t\t<\/div>\n\t\t\t\t\t<\/div>\n\t\t<\/div>\n\t\t\t\t\t<\/div>\n\t\t<\/section>\n\t\t\t\t<\/div>\n\t\t","protected":false},"excerpt":{"rendered":"<p>Unsere Vereinssatzung k\u00f6nnen Sie hier auch als PDF herunterladen \u00a0 Hier herunterladen Unsere Vereinssatzung \u00a7 1 Name, Sitz, Vereinsjahr 1. Die Werbegemeinschaft Ettlingen e.V. ist eine Vereinigung von Unternehmen aller Gesch\u00e4ftszweige und Wirtschaftsgruppen sowie von Einzelpersonen in Ettlingen der Rechtsform eines eingetragenen Vereins. Sie ist im Vereinsregister von Ettlingen unter dem Namen Werbegemeinschaft Ettlingen e.V. &#8230; <a title=\"Vereinssatzung\" class=\"read-more\" href=\"https:\/\/www.werbegemeinschaft-ettlingen.de\/index.php\/mitgliedschaft\/vereinssatzung\/\" aria-label=\"Mehr Informationen \u00fcber Vereinssatzung\">Weiterlesen<\/a><\/p>\n","protected":false},"author":1,"featured_media":0,"parent":64,"menu_order":0,"comment_status":"closed","ping_status":"closed","template":"","meta":{"footnotes":""},"class_list":["post-268","page","type-page","status-publish"],"aioseo_notices":[],"_links":{"self":[{"href":"https:\/\/www.werbegemeinschaft-ettlingen.de\/index.php\/wp-json\/wp\/v2\/pages\/268","targetHints":{"allow":["GET"]}}],"collection":[{"href":"https:\/\/www.werbegemeinschaft-ettlingen.de\/index.php\/wp-json\/wp\/v2\/pages"}],"about":[{"href":"https:\/\/www.werbegemeinschaft-ettlingen.de\/index.php\/wp-json\/wp\/v2\/types\/page"}],"author":[{"embeddable":true,"href":"https:\/\/www.werbegemeinschaft-ettlingen.de\/index.php\/wp-json\/wp\/v2\/users\/1"}],"replies":[{"embeddable":true,"href":"https:\/\/www.werbegemeinschaft-ettlingen.de\/index.php\/wp-json\/wp\/v2\/comments?post=268"}],"version-history":[{"count":9,"href":"https:\/\/www.werbegemeinschaft-ettlingen.de\/index.php\/wp-json\/wp\/v2\/pages\/268\/revisions"}],"predecessor-version":[{"id":334,"href":"https:\/\/www.werbegemeinschaft-ettlingen.de\/index.php\/wp-json\/wp\/v2\/pages\/268\/revisions\/334"}],"up":[{"embeddable":true,"href":"https:\/\/www.werbegemeinschaft-ettlingen.de\/index.php\/wp-json\/wp\/v2\/pages\/64"}],"wp:attachment":[{"href":"https:\/\/www.werbegemeinschaft-ettlingen.de\/index.php\/wp-json\/wp\/v2\/media?parent=268"}],"curies":[{"name":"wp","href":"https:\/\/api.w.org\/{rel}","templated":true}]}}