{"id":398,"date":"2021-02-06T13:27:22","date_gmt":"2021-02-06T13:27:22","guid":{"rendered":"https:\/\/www.werbegemeinschaft-ettlingen.de\/?page_id=398"},"modified":"2021-02-06T13:31:06","modified_gmt":"2021-02-06T13:31:06","slug":"teilnahme-hirschaktion-2","status":"publish","type":"page","link":"https:\/\/www.werbegemeinschaft-ettlingen.de\/index.php\/teilnahme-hirschaktion-2\/","title":{"rendered":"Teilnahme Hirschaktion"},"content":{"rendered":"\n<figure class=\"wp-block-image size-thumbnail\"><img decoding=\"async\" width=\"150\" height=\"150\" src=\"https:\/\/www.werbegemeinschaft-ettlingen.de\/wp-content\/uploads\/2021\/02\/6009_WERBEETT_Hirschaktion_SoMe_FINAL-Post2-150x150.jpg\" alt=\"\" class=\"wp-image-401\" srcset=\"https:\/\/www.werbegemeinschaft-ettlingen.de\/wp-content\/uploads\/2021\/02\/6009_WERBEETT_Hirschaktion_SoMe_FINAL-Post2-150x150.jpg 150w, https:\/\/www.werbegemeinschaft-ettlingen.de\/wp-content\/uploads\/2021\/02\/6009_WERBEETT_Hirschaktion_SoMe_FINAL-Post2-300x300.jpg 300w, https:\/\/www.werbegemeinschaft-ettlingen.de\/wp-content\/uploads\/2021\/02\/6009_WERBEETT_Hirschaktion_SoMe_FINAL-Post2-1024x1024.jpg 1024w, https:\/\/www.werbegemeinschaft-ettlingen.de\/wp-content\/uploads\/2021\/02\/6009_WERBEETT_Hirschaktion_SoMe_FINAL-Post2-768x768.jpg 768w, https:\/\/www.werbegemeinschaft-ettlingen.de\/wp-content\/uploads\/2021\/02\/6009_WERBEETT_Hirschaktion_SoMe_FINAL-Post2-1536x1536.jpg 1536w, https:\/\/www.werbegemeinschaft-ettlingen.de\/wp-content\/uploads\/2021\/02\/6009_WERBEETT_Hirschaktion_SoMe_FINAL-Post2-2048x2048.jpg 2048w\" sizes=\"(max-width: 150px) 100vw, 150px\" \/><figcaption>Liebe Teilnehmer, bitte f\u00fcllen Sie das aufgef\u00fchrte Formular VOLLST\u00c4NDIG aus und klicken Sie auf Abschicken. Nach Ihrer positiven Teilnahmeerkl\u00e4rung lassen wir Ihnen alle weiteren Informationen und Material zukommen. Bei Fragen stehen wir Ihnen gerne zur Verf\u00fcgung: info@werbegemeinschaft-ettlingen.de <\/figcaption><\/figure>\n\n\n\n<div class=\"fm-message fm-notice-error\">There is no form selected or the form was deleted.<\/div>\n\n\n\n<p><\/p>\n\n\n\n<p><\/p>\n","protected":false},"excerpt":{"rendered":"","protected":false},"author":1,"featured_media":0,"parent":0,"menu_order":0,"comment_status":"closed","ping_status":"closed","template":"","meta":{"footnotes":""},"class_list":["post-398","page","type-page","status-publish"],"aioseo_notices":[],"_links":{"self":[{"href":"https:\/\/www.werbegemeinschaft-ettlingen.de\/index.php\/wp-json\/wp\/v2\/pages\/398","targetHints":{"allow":["GET"]}}],"collection":[{"href":"https:\/\/www.werbegemeinschaft-ettlingen.de\/index.php\/wp-json\/wp\/v2\/pages"}],"about":[{"href":"https:\/\/www.werbegemeinschaft-ettlingen.de\/index.php\/wp-json\/wp\/v2\/types\/page"}],"author":[{"embeddable":true,"href":"https:\/\/www.werbegemeinschaft-ettlingen.de\/index.php\/wp-json\/wp\/v2\/users\/1"}],"replies":[{"embeddable":true,"href":"https:\/\/www.werbegemeinschaft-ettlingen.de\/index.php\/wp-json\/wp\/v2\/comments?post=398"}],"version-history":[{"count":3,"href":"https:\/\/www.werbegemeinschaft-ettlingen.de\/index.php\/wp-json\/wp\/v2\/pages\/398\/revisions"}],"predecessor-version":[{"id":403,"href":"https:\/\/www.werbegemeinschaft-ettlingen.de\/index.php\/wp-json\/wp\/v2\/pages\/398\/revisions\/403"}],"wp:attachment":[{"href":"https:\/\/www.werbegemeinschaft-ettlingen.de\/index.php\/wp-json\/wp\/v2\/media?parent=398"}],"curies":[{"name":"wp","href":"https:\/\/api.w.org\/{rel}","templated":true}]}}