{"id":444,"date":"2023-08-28T14:09:58","date_gmt":"2023-08-28T14:09:58","guid":{"rendered":"https:\/\/www.werbegemeinschaft-ettlingen.de\/?page_id=444"},"modified":"2023-08-28T15:30:53","modified_gmt":"2023-08-28T15:30:53","slug":"teilnahme-blue-night-22-09-23","status":"publish","type":"page","link":"https:\/\/www.werbegemeinschaft-ettlingen.de\/index.php\/teilnahme-blue-night-22-09-23\/","title":{"rendered":"Teilnahme Blue Night 22.09.23"},"content":{"rendered":"\t\t<div data-elementor-type=\"wp-page\" data-elementor-id=\"444\" class=\"elementor elementor-444\">\n\t\t\t\t\t\t<section class=\"elementor-section elementor-top-section elementor-element elementor-element-4a895c78 elementor-section-boxed elementor-section-height-default elementor-section-height-default\" data-id=\"4a895c78\" data-element_type=\"section\" data-e-type=\"section\">\n\t\t\t\t\t\t<div class=\"elementor-container elementor-column-gap-default\">\n\t\t\t\t\t<div class=\"elementor-column elementor-col-100 elementor-top-column elementor-element elementor-element-ac8605a\" data-id=\"ac8605a\" data-element_type=\"column\" data-e-type=\"column\">\n\t\t\t<div class=\"elementor-widget-wrap elementor-element-populated\">\n\t\t\t\t\t\t<div class=\"elementor-element elementor-element-6e254891 elementor-widget__width-initial elementor-widget elementor-widget-text-editor\" data-id=\"6e254891\" data-element_type=\"widget\" data-e-type=\"widget\" data-widget_type=\"text-editor.default\">\n\t\t\t\t<div class=\"elementor-widget-container\">\n\t\t\t\t\t\t\t\t\t<p>Liebe Mitglieder,<\/p>\n<p>f\u00fcr die kommende Blue Night stellen wir allen Mitgliedern wieder kostenfreie blaue Lampen zur Verf\u00fcgung.<\/p>\n<p><b>Wenn Sie diese erhalten m\u00f6chten,<\/b> <strong>f\u00fcllen Sie bitte das nachfolgende Formular vollst\u00e4ndig aus<\/strong>.<\/p>\n<p><span style=\"color: #ff0000;\"><strong>Bitte beachten:<\/strong><\/span> <strong>am 22.09.23 muss ab ca. 10 Uhr ein Stromanschluss im Au\u00dfenbereich zur Verf\u00fcgung stehen <\/strong>(1x230V, normale Steckdose)<strong>.<\/strong> Die Firma ARTEC baut den gesamten Freitag die blauen Lampen vor den Gesch\u00e4ften auf. <strong>Bitte nach Gesch\u00e4ftsschluss die Lampen <span style=\"color: #ff0000;\">VOR<\/span> den Gesch\u00e4ften stehen lassen!<\/strong><\/p>\n<p><strong><span style=\"color: #ff0000;\">ACHTUNG:<\/span> Bitte je Standort ausf\u00fcllen (zwei Standorte -&gt; zwei Mal ausf\u00fcllen)<\/strong><\/p>\n<p><strong><span style=\"color: #ff0000;\">Anmeldeschluss: Samstag, 09.09.2023<br \/><\/span><\/strong><\/p>\n<p><\/p>\n<p><div style=\"display:none\" class=\"fm-form-container fm-theme1\"><div id=\"fm-pages5\" class=\"fm-pages wdform_page_navigation \" show_title=\"false\" show_numbers=\"false\" type=\"none\"><\/div><form name=\"form5\" action=\"\/index.php\/wp-json\/wp\/v2\/pages\/444\" method=\"post\" id=\"form5\" class=\"fm-form form5  \" enctype=\"multipart\/form-data\"><input type=\"hidden\" id=\"fm_page_id5\" value=\"444\" name=\"fm_page_id5\" \/><input type=\"hidden\" id=\"fm_current_post_type5\" value=\"page\" name=\"fm_current_post_type5\" \/><input type=\"hidden\" id=\"counter5\" value=\"16\" name=\"counter5\" \/><input type=\"hidden\" id=\"Itemid5\" value=\"\" name=\"Itemid5\" \/><input type=\"hidden\" id=\"fm_shake5\" value=\"1\" name=\"fm_shake5\" \/><input type=\"text\" class=\"fm-hide\" id=\"fm_bot_validation5\" value=\"\" name=\"fm_bot_validation5\" \/><input type=\"text\" class=\"fm-hide\" id=\"fm_empty_field_validation5\" value=\"\" name=\"fm_empty_field_validation5\" data-value=\"bd736efb144d599cf463541431fbf5c4\" \/><input type=\"hidden\" id=\"fm_ajax_url5\" data-ajax_url=\"https:\/\/www.werbegemeinschaft-ettlingen.de\/wp-admin\/admin-ajax.php?action=fm_submit_form&#038;current_id=5&#038;formType=embedded\" \/><input type=\"hidden\" id=\"fm_ajax_redirect_url5\" data-ajax_redirect_url=\"0\" \/><div class=\"wdform-page-and-images fm-form-builder\" style=\"border-width: 1px;\"><div id=\"5form_view1\" class=\"wdform_page\" page_title=\"Untitled page\" next_title=\"Next\" next_type=\"text\" next_class=\"wdform-page-button\" next_checkable=\"true\" previous_title=\"Previous\" previous_type=\"text\" previous_class=\"wdform-page-button\" previous_checkable=\"false\"><div class=\"wdform_section\" id=\"cur_column\"><div class=\"wdform_column\"><div wdid=\"10\" class=\"wdform_row\" style=\"position: relative; left: 0px; top: 0px;\"><div type=\"type_text\" class=\"wdform-field wd-width-100 wd-flex wd-flex-column fm-type_text\" ><div class=\"wdform-label-section wd-width-100  wd-flex-row wd-align-items-center\">    <label  for=\"wdform_10_element5\" class=\"wdform-label\">Firmenname<\/label><span class=\"wdform-required\">*<\/span><\/div><div class=\"wdform-element-section wd-flex  wd-flex-row wd-align-items-center wd-width-100\" ><input type=\"text\"                           class=\"wd-width-100\"                           id=\"wdform_10_element5\"                           name=\"wdform_10_element5\"                           value=\"\"                           data-value=\"\"                           title=\"\"                           placeholder=\"\"                                                       \/><\/div><\/div><\/div><\/div><div class=\"wdform_column\"><div wdid=\"3\" class=\"wdform_row\"><div type=\"type_address\" class=\"wdform-field wd-width-100 wd-flex wd-flex-column fm-type_address\" ><div class=\"wdform-label-section wd-width-100 wdform_address wd-flex-column\">    <label  for=\"wdform_3_street15\" class=\"wdform-label\">Adresse<\/label><span class=\"wdform-required\">*<\/span><\/div><div class=\"wdform-element-section wd-flex wdform_address wd-flex-column wd-width-100\" ><span class=\"wd-width-100 wd-address\" id=\"wdform_3_address_0\">                <input class=\"wd-width-100 wdform_3_address_0\" type=\"text\" id=\"wdform_3_street15\" name=\"wdform_3_street15\" value=\"\"  \/>                <label for=\"wdform_3_street15\" class=\"mini_label\">Stra\u00dfe &amp; Hausnummer<\/label><\/span><span class=\"wd-width-100 wd-flex wd-flex-row wd-flex-wrap wd-justify-content\"><span class=\"wd-width-49 wd-address\" id=\"wdform_3_address_2\">                <input class=\"wd-width-100 wdform_3_address_2\" type=\"text\" id=\"wdform_3_city5\" name=\"wdform_5_city5\" value=\"\"  \/>                <label for=\"wdform_3_city5\" class=\"mini_label\">Ort<\/label><\/span><span class=\"wd-width-49 wd-address\" id=\"wdform_3_address_4\">              <input class=\"wd-width-100 wdform_3_address_4\" type=\"text\" id=\"wdform_3_postal5\" name=\"wdform_7_postal5\" value=\"\"  \/>              <label for=\"wdform_3_postal5\" class=\"mini_label\">PLZ<\/label><\/span><\/span><\/div><\/div><\/div><\/div><div class=\"wdform_column\"><div wdid=\"15\" class=\"wdform_row\" style=\"position: relative; left: 0px; top: 0px;\"><div type=\"type_submitter_mail\" class=\"wdform-field wd-width-100 wd-flex wd-flex-column fm-type_submitter_mail\" ><div class=\"wdform-label-section wd-width-100  wd-flex-row\">    <label  for=\"wdform_15_element5\" class=\"wdform-label\">Email<\/label><span class=\"wdform-required\">*<\/span><\/div><div class=\"wdform-element-section wd-flex  wd-flex-row wd-width-100\" ><input type=\"text\" class=\"wd-width-100\" id=\"wdform_15_element5\" name=\"wdform_15_element5\" data-value=\"\" value=\"\" title=\"\" placeholder=\"\"   onchange=\"wd_check_email('15', '5', 'Dies ist keine g\u00fcltige E-Mail-Adresse.')\" \/><\/div><\/div><\/div><\/div><div class=\"wdform_column\"><div wdid=\"12\" class=\"wdform_row\" style=\"position: relative; left: 0px; top: 0px;\"><div type=\"type_radio\" class=\"wdform-field wd-width-100 wd-flex wd-flex-column fm-type_radio\" ><div class=\"wdform-label-section wd-width-100  wd-flex-wrap wd-flex-column\">    <label  class=\"wdform-label\">Ich ben\u00f6tige f\u00fcr die Blue Night kostenlose blaue Lampen?<\/label><span class=\"wdform-required\">*<\/span><\/div><div class=\"wdform-element-section wd-flex  wd-flex-wrap wd-flex-column wd-width-100\" ><div class=\"wd-flex wd-flex-row\"><input type=\"hidden\" name=\"wdform_12_element5\" value=\"\" \/><div class=\"radio-div wd-choice wd-flex wd-flex-row\"><input type=\"radio\"  id=\"wdform_12_element50\" name=\"wdform_12_element5\" value=\"JA\" onclick=\"set_default(&quot;wdform_12&quot;,&quot;0&quot;,&quot;5&quot;); \"   \/><label class=\"wd-align-items-center wd-flex wd-flex-row\" for=\"wdform_12_element50\"><span><\/span>JA<\/label><\/div><div class=\"radio-div wd-choice wd-flex wd-flex-row\"><input type=\"radio\"  id=\"wdform_12_element51\" name=\"wdform_12_element5\" value=\"NEIN\" onclick=\"set_default(&quot;wdform_12&quot;,&quot;1&quot;,&quot;5&quot;); \"   \/><label class=\"wd-align-items-center wd-flex wd-flex-row\" for=\"wdform_12_element51\"><span><\/span>NEIN<\/label><\/div><\/div><\/div><\/div><\/div><\/div><div class=\"wdform_column\"><div wdid=\"13\" class=\"wdform_row\" style=\"position: relative; left: 0px; top: 0px;\"><div type=\"type_textarea\" class=\"wdform-field wd-width-100 wd-flex wd-flex-column fm-type_textarea\" ><div class=\"wdform-label-section wd-width-100 \">    <label  for=\"wdform_13_element5\" class=\"wdform-label\">m\u00f6chten Sie uns noch etwas mitteilen? (kein Pflichtfeld)<\/label><\/div><div class=\"wdform-element-section wd-flex  wd-width-100\" ><textarea class=\"wd-width-100\"                      id=\"wdform_13_element5\"                      name=\"wdform_13_element5\"                      placeholder=\"\"                      data-value=\"\"                      maxlength=\"\"                      style=\"height: 100px;\"                      ><\/textarea><\/div><\/div><\/div><\/div><div class=\"wdform_column\"><div wdid=\"1\" class=\"wdform_row\" style=\"position: relative; left: 0px; top: 0px;\"><div type=\"type_gdpr_compliance_checkbox\" class=\"wdform-field wd-width-100 wd-flex wd-flex-column fm-type_gdpr_compliance_checkbox\" ><div class=\"wdform-element-section wd-flex  wd-flex-row wd-justify-content-left wd-width-100\" ><label for=\"fm_privacy_policy5\" class=\"wdform-label\">                                       <input id=\"fm_privacy_policy5\" name=\"fm_privacy_policy5\" class=\"wd-flex-row fm-gdpr-checkbox\" onclick=\"fm_privacy_policy_check(this)\" type=\"checkbox\" value=\"1\">Die  <a href=\"https:\/\/www.werbegemeinschaft-ettlingen.de\/index.php\/privacy-policy\/\" target=\"_blank\">Datenschutzerkl\u00e4rung<\/a> habe ich zur Kenntnis genommen.<\/label><\/div><\/div><div type=\"type_submit_reset\" class=\"wdform-field wd-width-100 wd-flex wd-flex-column fm-type_submit_reset\" ><div class=\"wdform-element-section wd-flex  wd-flex-row wd-justify-content-left wd-width-100\" ><button disabled=\"disabled\" type=\"button\" class=\"button-submit\" onclick=\"fm_submit_form('5');\"  data-ajax=\"1\"><span class=\"fm-submit-loading spinner fm-ico-spinner\"><\/span>Abschicken<\/button><button  type=\"button\" class=\"button-reset wd-hidden\" onclick=\"fm_reset_form(5);\" >Reset<\/button><\/div><\/div><\/div><\/div><\/div><div valign=\"top\" class=\"wdform_footer wd-width-100\"><div class=\"wd-width-100\"><div class=\"wd-width-100 wd-table\" style=\"padding-top:10px;\"><div class=\"wd-table-group\"><div id=\"5page_nav1\" class=\"wd-table-row\"><\/div><\/div><\/div><\/div><\/div><\/div><\/div><div class=\"wdform_preload\"><\/div><input type=\"hidden\" name=\"fm-current-page\" value=\"https:\/\/www.werbegemeinschaft-ettlingen.de\/index.php\/wp-json\/wp\/v2\/pages\/444\" \/><\/form><\/div><\/p>\n<p><\/p>\n<p><\/p>\n<p><\/p>\n<p><\/p>\n<p><\/p>\n<p><\/p>\n<p><\/p>\t\t\t\t\t\t\t\t<\/div>\n\t\t\t\t<\/div>\n\t\t\t\t\t<\/div>\n\t\t<\/div>\n\t\t\t\t\t<\/div>\n\t\t<\/section>\n\t\t\t\t<\/div>\n\t\t","protected":false},"excerpt":{"rendered":"<p>Liebe Mitglieder, f\u00fcr die kommende Blue Night stellen wir allen Mitgliedern wieder kostenfreie blaue Lampen zur Verf\u00fcgung. Wenn Sie diese erhalten m\u00f6chten, f\u00fcllen Sie bitte das nachfolgende Formular vollst\u00e4ndig aus. Bitte beachten: am 22.09.23 muss ab ca. 10 Uhr ein Stromanschluss im Au\u00dfenbereich zur Verf\u00fcgung stehen (1x230V, normale Steckdose). Die Firma ARTEC baut den gesamten &#8230; <a title=\"Teilnahme Blue Night 22.09.23\" class=\"read-more\" href=\"https:\/\/www.werbegemeinschaft-ettlingen.de\/index.php\/teilnahme-blue-night-22-09-23\/\" aria-label=\"Mehr Informationen \u00fcber Teilnahme Blue Night 22.09.23\">Weiterlesen<\/a><\/p>\n","protected":false},"author":1,"featured_media":0,"parent":0,"menu_order":0,"comment_status":"closed","ping_status":"closed","template":"","meta":{"footnotes":""},"class_list":["post-444","page","type-page","status-publish"],"aioseo_notices":[],"_links":{"self":[{"href":"https:\/\/www.werbegemeinschaft-ettlingen.de\/index.php\/wp-json\/wp\/v2\/pages\/444","targetHints":{"allow":["GET"]}}],"collection":[{"href":"https:\/\/www.werbegemeinschaft-ettlingen.de\/index.php\/wp-json\/wp\/v2\/pages"}],"about":[{"href":"https:\/\/www.werbegemeinschaft-ettlingen.de\/index.php\/wp-json\/wp\/v2\/types\/page"}],"author":[{"embeddable":true,"href":"https:\/\/www.werbegemeinschaft-ettlingen.de\/index.php\/wp-json\/wp\/v2\/users\/1"}],"replies":[{"embeddable":true,"href":"https:\/\/www.werbegemeinschaft-ettlingen.de\/index.php\/wp-json\/wp\/v2\/comments?post=444"}],"version-history":[{"count":10,"href":"https:\/\/www.werbegemeinschaft-ettlingen.de\/index.php\/wp-json\/wp\/v2\/pages\/444\/revisions"}],"predecessor-version":[{"id":476,"href":"https:\/\/www.werbegemeinschaft-ettlingen.de\/index.php\/wp-json\/wp\/v2\/pages\/444\/revisions\/476"}],"wp:attachment":[{"href":"https:\/\/www.werbegemeinschaft-ettlingen.de\/index.php\/wp-json\/wp\/v2\/media?parent=444"}],"curies":[{"name":"wp","href":"https:\/\/api.w.org\/{rel}","templated":true}]}}