{"id":478,"date":"2023-09-11T15:22:13","date_gmt":"2023-09-11T15:22:13","guid":{"rendered":"https:\/\/www.werbegemeinschaft-ettlingen.de\/?page_id=478"},"modified":"2023-09-11T15:33:06","modified_gmt":"2023-09-11T15:33:06","slug":"was-wir-tun","status":"publish","type":"page","link":"https:\/\/www.werbegemeinschaft-ettlingen.de\/index.php\/sample-page\/was-wir-tun\/","title":{"rendered":"Was wir tun"},"content":{"rendered":"\t\t<div data-elementor-type=\"wp-post\" data-elementor-id=\"478\" class=\"elementor elementor-478\">\n\t\t\t\t\t\t<section class=\"elementor-section elementor-top-section elementor-element elementor-element-ef5a29b elementor-section-boxed elementor-section-height-default elementor-section-height-default\" data-id=\"ef5a29b\" data-element_type=\"section\" data-e-type=\"section\">\n\t\t\t\t\t\t<div class=\"elementor-container elementor-column-gap-default\">\n\t\t\t\t\t<div class=\"elementor-column elementor-col-100 elementor-top-column elementor-element elementor-element-f3a301a\" data-id=\"f3a301a\" data-element_type=\"column\" data-e-type=\"column\">\n\t\t\t<div class=\"elementor-widget-wrap elementor-element-populated\">\n\t\t\t\t\t\t<div class=\"elementor-element elementor-element-4935fa7 elementor-widget elementor-widget-heading\" data-id=\"4935fa7\" data-element_type=\"widget\" data-e-type=\"widget\" data-widget_type=\"heading.default\">\n\t\t\t\t<div class=\"elementor-widget-container\">\n\t\t\t\t\t<h3 class=\"elementor-heading-title elementor-size-default\">Aktionen &amp; Projekte<\/h3>\t\t\t\t<\/div>\n\t\t\t\t<\/div>\n\t\t\t\t<div class=\"elementor-element elementor-element-de654ce elementor-widget elementor-widget-text-editor\" data-id=\"de654ce\" data-element_type=\"widget\" data-e-type=\"widget\" data-widget_type=\"text-editor.default\">\n\t\t\t\t<div class=\"elementor-widget-container\">\n\t\t\t\t\t\t\t\t\t<p>Viele Aktionen &amp; Projekte in der Ettlinger Innenstadt werden durch oder in Zusammenarbeit mit der Werbegemeinschaft Ettlingen e.V. organisiert. Wir arbeiten hierzu sehr eng mit der Stadt Ettlingen, dem Citymanagement und weiteren Vereinsorganen zusammen und stimmen uns regelm\u00e4\u00dfig mit diesen ab.<\/p><p>Nachfolgen erhalten Sie eine \u00dcbersicht \u00fcber laufende Aktionen &amp; Projekte<\/p>\t\t\t\t\t\t\t\t<\/div>\n\t\t\t\t<\/div>\n\t\t\t\t\t<\/div>\n\t\t<\/div>\n\t\t\t\t\t<\/div>\n\t\t<\/section>\n\t\t\t\t<section class=\"elementor-section elementor-top-section elementor-element elementor-element-c06d9b6 elementor-section-boxed elementor-section-height-default elementor-section-height-default\" data-id=\"c06d9b6\" data-element_type=\"section\" data-e-type=\"section\">\n\t\t\t\t\t\t<div class=\"elementor-container elementor-column-gap-default\">\n\t\t\t\t\t<div class=\"elementor-column elementor-col-100 elementor-top-column elementor-element elementor-element-98d7ae7\" data-id=\"98d7ae7\" data-element_type=\"column\" data-e-type=\"column\">\n\t\t\t<div class=\"elementor-widget-wrap elementor-element-populated\">\n\t\t\t\t\t\t<div class=\"elementor-element elementor-element-c5473d1 elementor-widget-divider--view-line elementor-widget elementor-widget-divider\" data-id=\"c5473d1\" data-element_type=\"widget\" data-e-type=\"widget\" data-widget_type=\"divider.default\">\n\t\t\t\t<div class=\"elementor-widget-container\">\n\t\t\t\t\t\t\t<div class=\"elementor-divider\">\n\t\t\t<span class=\"elementor-divider-separator\">\n\t\t\t\t\t\t<\/span>\n\t\t<\/div>\n\t\t\t\t\t\t<\/div>\n\t\t\t\t<\/div>\n\t\t\t\t<div class=\"elementor-element elementor-element-2ed09ee elementor-widget elementor-widget-heading\" data-id=\"2ed09ee\" data-element_type=\"widget\" data-e-type=\"widget\" data-widget_type=\"heading.default\">\n\t\t\t\t<div class=\"elementor-widget-container\">\n\t\t\t\t\t<h3 class=\"elementor-heading-title elementor-size-default\">Verkaufsoffene Sonntage<\/h3>\t\t\t\t<\/div>\n\t\t\t\t<\/div>\n\t\t\t\t<section class=\"elementor-section elementor-inner-section elementor-element elementor-element-6a9a75e elementor-section-boxed elementor-section-height-default elementor-section-height-default\" data-id=\"6a9a75e\" data-element_type=\"section\" data-e-type=\"section\">\n\t\t\t\t\t\t<div class=\"elementor-container elementor-column-gap-default\">\n\t\t\t\t\t<div class=\"elementor-column elementor-col-50 elementor-inner-column elementor-element elementor-element-4e40f3a\" data-id=\"4e40f3a\" data-element_type=\"column\" data-e-type=\"column\">\n\t\t\t<div class=\"elementor-widget-wrap elementor-element-populated\">\n\t\t\t\t\t\t<div class=\"elementor-element elementor-element-858934d elementor-widget elementor-widget-text-editor\" data-id=\"858934d\" data-element_type=\"widget\" data-e-type=\"widget\" data-widget_type=\"text-editor.default\">\n\t\t\t\t<div class=\"elementor-widget-container\">\n\t\t\t\t\t\t\t\t\t<p><strong>Auto &amp; mobil<\/strong> (immer im Fr\u00fchjahr)<\/p><p>Der Mobilit\u00e4tsmarkt in der Ettlinger Innenstadt lockt viele Besucher nach Ettlingen und informiert zu diversen Theme rund um die Mobilit\u00e4t. Ausgestellt werden Autos, Fahrr\u00e4der, Roller und alles was noch dazu geh\u00f6rt.<\/p>\t\t\t\t\t\t\t\t<\/div>\n\t\t\t\t<\/div>\n\t\t\t\t<div class=\"elementor-element elementor-element-1c35521 elementor-widget elementor-widget-image\" data-id=\"1c35521\" data-element_type=\"widget\" data-e-type=\"widget\" data-widget_type=\"image.default\">\n\t\t\t\t<div class=\"elementor-widget-container\">\n\t\t\t\t\t\t\t\t\t\t\t\t\t\t\t<img fetchpriority=\"high\" decoding=\"async\" width=\"625\" height=\"884\" src=\"https:\/\/www.werbegemeinschaft-ettlingen.de\/wp-content\/uploads\/2023\/09\/autoundmobil.jpg\" class=\"attachment-large size-large wp-image-483\" alt=\"\" srcset=\"https:\/\/www.werbegemeinschaft-ettlingen.de\/wp-content\/uploads\/2023\/09\/autoundmobil.jpg 625w, https:\/\/www.werbegemeinschaft-ettlingen.de\/wp-content\/uploads\/2023\/09\/autoundmobil-212x300.jpg 212w\" sizes=\"(max-width: 625px) 100vw, 625px\" \/>\t\t\t\t\t\t\t\t\t\t\t\t\t\t\t<\/div>\n\t\t\t\t<\/div>\n\t\t\t\t\t<\/div>\n\t\t<\/div>\n\t\t\t\t<div class=\"elementor-column elementor-col-50 elementor-inner-column elementor-element elementor-element-fd8d281\" data-id=\"fd8d281\" data-element_type=\"column\" data-e-type=\"column\">\n\t\t\t<div class=\"elementor-widget-wrap elementor-element-populated\">\n\t\t\t\t\t\t<div class=\"elementor-element elementor-element-4a15675 elementor-widget__width-initial elementor-widget elementor-widget-text-editor\" data-id=\"4a15675\" data-element_type=\"widget\" data-e-type=\"widget\" data-widget_type=\"text-editor.default\">\n\t\t\t\t<div class=\"elementor-widget-container\">\n\t\t\t\t\t\t\t\t\t<p><strong>Herbstmarkt<\/strong> (immer im Herbst)<\/p><p>Mit \u00fcber 40 Ausstellern lockt der Herbstmarkt Besucher aus der ganzen Region an. Regionale Herbstspezialit\u00e4ten laden zum Schlemmen ein.<\/p>\t\t\t\t\t\t\t\t<\/div>\n\t\t\t\t<\/div>\n\t\t\t\t<div class=\"elementor-element elementor-element-cc36bcd elementor-widget elementor-widget-image\" data-id=\"cc36bcd\" data-element_type=\"widget\" data-e-type=\"widget\" data-widget_type=\"image.default\">\n\t\t\t\t<div class=\"elementor-widget-container\">\n\t\t\t\t\t\t\t\t\t\t\t\t\t\t\t<img decoding=\"async\" width=\"625\" height=\"882\" src=\"https:\/\/www.werbegemeinschaft-ettlingen.de\/wp-content\/uploads\/2023\/09\/herbstmarkt.jpg\" class=\"attachment-large size-large wp-image-484\" alt=\"\" srcset=\"https:\/\/www.werbegemeinschaft-ettlingen.de\/wp-content\/uploads\/2023\/09\/herbstmarkt.jpg 625w, https:\/\/www.werbegemeinschaft-ettlingen.de\/wp-content\/uploads\/2023\/09\/herbstmarkt-213x300.jpg 213w\" sizes=\"(max-width: 625px) 100vw, 625px\" \/>\t\t\t\t\t\t\t\t\t\t\t\t\t\t\t<\/div>\n\t\t\t\t<\/div>\n\t\t\t\t\t<\/div>\n\t\t<\/div>\n\t\t\t\t\t<\/div>\n\t\t<\/section>\n\t\t\t\t<div class=\"elementor-element elementor-element-b7c2c16 elementor-widget-divider--view-line elementor-widget elementor-widget-divider\" data-id=\"b7c2c16\" data-element_type=\"widget\" data-e-type=\"widget\" data-widget_type=\"divider.default\">\n\t\t\t\t<div class=\"elementor-widget-container\">\n\t\t\t\t\t\t\t<div class=\"elementor-divider\">\n\t\t\t<span class=\"elementor-divider-separator\">\n\t\t\t\t\t\t<\/span>\n\t\t<\/div>\n\t\t\t\t\t\t<\/div>\n\t\t\t\t<\/div>\n\t\t\t\t\t<\/div>\n\t\t<\/div>\n\t\t\t\t\t<\/div>\n\t\t<\/section>\n\t\t\t\t<section class=\"elementor-section elementor-top-section elementor-element elementor-element-5f19cba elementor-section-boxed elementor-section-height-default elementor-section-height-default\" data-id=\"5f19cba\" data-element_type=\"section\" data-e-type=\"section\">\n\t\t\t\t\t\t<div class=\"elementor-container elementor-column-gap-default\">\n\t\t\t\t\t<div class=\"elementor-column elementor-col-100 elementor-top-column elementor-element elementor-element-80e9144\" data-id=\"80e9144\" data-element_type=\"column\" data-e-type=\"column\">\n\t\t\t<div class=\"elementor-widget-wrap elementor-element-populated\">\n\t\t\t\t\t\t<div class=\"elementor-element elementor-element-4c2d5e5 elementor-widget elementor-widget-heading\" data-id=\"4c2d5e5\" data-element_type=\"widget\" data-e-type=\"widget\" data-widget_type=\"heading.default\">\n\t\t\t\t<div class=\"elementor-widget-container\">\n\t\t\t\t\t<h3 class=\"elementor-heading-title elementor-size-default\">Nigth Shopping Events<\/h3>\t\t\t\t<\/div>\n\t\t\t\t<\/div>\n\t\t\t\t<section class=\"elementor-section elementor-inner-section elementor-element elementor-element-2f48a6d elementor-section-boxed elementor-section-height-default elementor-section-height-default\" data-id=\"2f48a6d\" data-element_type=\"section\" data-e-type=\"section\">\n\t\t\t\t\t\t<div class=\"elementor-container elementor-column-gap-default\">\n\t\t\t\t\t<div class=\"elementor-column elementor-col-50 elementor-inner-column elementor-element elementor-element-8fa83ba\" data-id=\"8fa83ba\" data-element_type=\"column\" data-e-type=\"column\">\n\t\t\t<div class=\"elementor-widget-wrap elementor-element-populated\">\n\t\t\t\t\t\t<div class=\"elementor-element elementor-element-0bb2540 elementor-widget elementor-widget-text-editor\" data-id=\"0bb2540\" data-element_type=\"widget\" data-e-type=\"widget\" data-widget_type=\"text-editor.default\">\n\t\t\t\t<div class=\"elementor-widget-container\">\n\t\t\t\t\t\t\t\t\t<p><strong>Mai Happy Day<\/strong><\/p><p>Von 10-21 Uhr k\u00f6nnen Sie ihren \u201eMai Happy Day\u201c selbst gestalten und sich von den Angeboten der H\u00e4ndler inspirieren lassen. Die bunten Farben der Fr\u00fchlingsmode erwarteten Sie in den Schaufenstern, leise und laute Kl\u00e4nge erf\u00fcllen die Gassen und zaubern ein L\u00e4cheln automatisch ins Gesicht.<\/p><p>Vom Burger, Italienisch, Griechisch, Badisch bis hin zum s\u00fc\u00dfen Nachtisch ist f\u00fcr alle Schleckerm\u00e4uler was dabei. Die Foodtrucks verteilten sich \u00fcber die komplette Innenstadt und versorgten Sie mit leckeren Speisen zum direkten Verzehr.<\/p>\t\t\t\t\t\t\t\t<\/div>\n\t\t\t\t<\/div>\n\t\t\t\t<div class=\"elementor-element elementor-element-b53f219 elementor-widget elementor-widget-image\" data-id=\"b53f219\" data-element_type=\"widget\" data-e-type=\"widget\" data-widget_type=\"image.default\">\n\t\t\t\t<div class=\"elementor-widget-container\">\n\t\t\t\t\t\t\t\t\t\t\t\t\t\t\t<img decoding=\"async\" width=\"595\" height=\"876\" src=\"https:\/\/www.werbegemeinschaft-ettlingen.de\/wp-content\/uploads\/2023\/09\/maihappyday.jpg\" class=\"attachment-large size-large wp-image-488\" alt=\"\" srcset=\"https:\/\/www.werbegemeinschaft-ettlingen.de\/wp-content\/uploads\/2023\/09\/maihappyday.jpg 595w, https:\/\/www.werbegemeinschaft-ettlingen.de\/wp-content\/uploads\/2023\/09\/maihappyday-204x300.jpg 204w\" sizes=\"(max-width: 595px) 100vw, 595px\" \/>\t\t\t\t\t\t\t\t\t\t\t\t\t\t\t<\/div>\n\t\t\t\t<\/div>\n\t\t\t\t\t<\/div>\n\t\t<\/div>\n\t\t\t\t<div class=\"elementor-column elementor-col-50 elementor-inner-column elementor-element elementor-element-b71e0e6\" data-id=\"b71e0e6\" data-element_type=\"column\" data-e-type=\"column\">\n\t\t\t<div class=\"elementor-widget-wrap elementor-element-populated\">\n\t\t\t\t\t\t<div class=\"elementor-element elementor-element-150c687 elementor-widget__width-initial elementor-widget elementor-widget-text-editor\" data-id=\"150c687\" data-element_type=\"widget\" data-e-type=\"widget\" data-widget_type=\"text-editor.default\">\n\t\t\t\t<div class=\"elementor-widget-container\">\n\t\t\t\t\t\t\t\t\t<p><strong>Blue Night<\/strong><\/p><p>Die blaue Nacht, wer kennt sie nicht, wenn die Innenstadt in ein mittern\u00e4chtliches blau getaucht sein wird. Bis 22 Uhr kann man gem\u00fctlich schlendern, bummeln und einkaufen. <\/p>\t\t\t\t\t\t\t\t<\/div>\n\t\t\t\t<\/div>\n\t\t\t\t<div class=\"elementor-element elementor-element-216b8e3 elementor-widget elementor-widget-image\" data-id=\"216b8e3\" data-element_type=\"widget\" data-e-type=\"widget\" data-widget_type=\"image.default\">\n\t\t\t\t<div class=\"elementor-widget-container\">\n\t\t\t\t\t\t\t\t\t\t\t\t\t\t\t<img loading=\"lazy\" decoding=\"async\" width=\"625\" height=\"881\" src=\"https:\/\/www.werbegemeinschaft-ettlingen.de\/wp-content\/uploads\/2023\/09\/bluenight.jpg\" class=\"attachment-large size-large wp-image-489\" alt=\"\" srcset=\"https:\/\/www.werbegemeinschaft-ettlingen.de\/wp-content\/uploads\/2023\/09\/bluenight.jpg 625w, https:\/\/www.werbegemeinschaft-ettlingen.de\/wp-content\/uploads\/2023\/09\/bluenight-213x300.jpg 213w\" sizes=\"(max-width: 625px) 100vw, 625px\" \/>\t\t\t\t\t\t\t\t\t\t\t\t\t\t\t<\/div>\n\t\t\t\t<\/div>\n\t\t\t\t\t<\/div>\n\t\t<\/div>\n\t\t\t\t\t<\/div>\n\t\t<\/section>\n\t\t\t\t\t<\/div>\n\t\t<\/div>\n\t\t\t\t\t<\/div>\n\t\t<\/section>\n\t\t\t\t<section class=\"elementor-section elementor-top-section elementor-element elementor-element-d13f649 elementor-section-boxed elementor-section-height-default elementor-section-height-default\" data-id=\"d13f649\" data-element_type=\"section\" data-e-type=\"section\">\n\t\t\t\t\t\t<div class=\"elementor-container elementor-column-gap-default\">\n\t\t\t\t\t<div class=\"elementor-column elementor-col-100 elementor-top-column elementor-element elementor-element-d41c109\" data-id=\"d41c109\" data-element_type=\"column\" data-e-type=\"column\">\n\t\t\t<div class=\"elementor-widget-wrap elementor-element-populated\">\n\t\t\t\t\t\t<div class=\"elementor-element elementor-element-5b90086 elementor-widget-divider--view-line elementor-widget elementor-widget-divider\" data-id=\"5b90086\" data-element_type=\"widget\" data-e-type=\"widget\" data-widget_type=\"divider.default\">\n\t\t\t\t<div class=\"elementor-widget-container\">\n\t\t\t\t\t\t\t<div class=\"elementor-divider\">\n\t\t\t<span class=\"elementor-divider-separator\">\n\t\t\t\t\t\t<\/span>\n\t\t<\/div>\n\t\t\t\t\t\t<\/div>\n\t\t\t\t<\/div>\n\t\t\t\t<div class=\"elementor-element elementor-element-d80ab16 elementor-widget elementor-widget-heading\" data-id=\"d80ab16\" data-element_type=\"widget\" data-e-type=\"widget\" data-widget_type=\"heading.default\">\n\t\t\t\t<div class=\"elementor-widget-container\">\n\t\t\t\t\t<h3 class=\"elementor-heading-title elementor-size-default\">Weiteres:<\/h3>\t\t\t\t<\/div>\n\t\t\t\t<\/div>\n\t\t\t\t<section class=\"elementor-section elementor-inner-section elementor-element elementor-element-37dca42 elementor-section-boxed elementor-section-height-default elementor-section-height-default\" data-id=\"37dca42\" data-element_type=\"section\" data-e-type=\"section\">\n\t\t\t\t\t\t<div class=\"elementor-container elementor-column-gap-default\">\n\t\t\t\t\t<div class=\"elementor-column elementor-col-50 elementor-inner-column elementor-element elementor-element-1a7947a\" data-id=\"1a7947a\" data-element_type=\"column\" data-e-type=\"column\">\n\t\t\t<div class=\"elementor-widget-wrap elementor-element-populated\">\n\t\t\t\t\t\t<div class=\"elementor-element elementor-element-7a747a6 elementor-widget elementor-widget-text-editor\" data-id=\"7a747a6\" data-element_type=\"widget\" data-e-type=\"widget\" data-widget_type=\"text-editor.default\">\n\t\t\t\t<div class=\"elementor-widget-container\">\n\t\t\t\t\t\t\t\t\t<p><strong>Ettlinger Stiefelrallye<\/strong><\/p>\t\t\t\t\t\t\t\t<\/div>\n\t\t\t\t<\/div>\n\t\t\t\t<div class=\"elementor-element elementor-element-72d4bd2 elementor-widget elementor-widget-image\" data-id=\"72d4bd2\" data-element_type=\"widget\" data-e-type=\"widget\" data-widget_type=\"image.default\">\n\t\t\t\t<div class=\"elementor-widget-container\">\n\t\t\t\t\t\t\t\t\t\t\t\t\t\t\t<img loading=\"lazy\" decoding=\"async\" width=\"436\" height=\"621\" src=\"https:\/\/www.werbegemeinschaft-ettlingen.de\/wp-content\/uploads\/2023\/09\/stiefelrallye.jpg\" class=\"attachment-large size-large wp-image-501\" alt=\"\" srcset=\"https:\/\/www.werbegemeinschaft-ettlingen.de\/wp-content\/uploads\/2023\/09\/stiefelrallye.jpg 436w, https:\/\/www.werbegemeinschaft-ettlingen.de\/wp-content\/uploads\/2023\/09\/stiefelrallye-211x300.jpg 211w\" sizes=\"(max-width: 436px) 100vw, 436px\" \/>\t\t\t\t\t\t\t\t\t\t\t\t\t\t\t<\/div>\n\t\t\t\t<\/div>\n\t\t\t\t\t<\/div>\n\t\t<\/div>\n\t\t\t\t<div class=\"elementor-column elementor-col-50 elementor-inner-column elementor-element elementor-element-ab4843b\" data-id=\"ab4843b\" data-element_type=\"column\" data-e-type=\"column\">\n\t\t\t<div class=\"elementor-widget-wrap elementor-element-populated\">\n\t\t\t\t\t\t<div class=\"elementor-element elementor-element-8895e33 elementor-widget__width-initial elementor-widget elementor-widget-text-editor\" data-id=\"8895e33\" data-element_type=\"widget\" data-e-type=\"widget\" data-widget_type=\"text-editor.default\">\n\t\t\t\t<div class=\"elementor-widget-container\">\n\t\t\t\t\t\t\t\t\t<p><strong>Ettlinger Geschenkgutschein<\/strong><\/p>\t\t\t\t\t\t\t\t<\/div>\n\t\t\t\t<\/div>\n\t\t\t\t<div class=\"elementor-element elementor-element-b721db9 elementor-widget elementor-widget-image\" data-id=\"b721db9\" data-element_type=\"widget\" data-e-type=\"widget\" data-widget_type=\"image.default\">\n\t\t\t\t<div class=\"elementor-widget-container\">\n\t\t\t\t\t\t\t\t\t\t\t\t\t\t\t<img loading=\"lazy\" decoding=\"async\" width=\"825\" height=\"520\" src=\"https:\/\/www.werbegemeinschaft-ettlingen.de\/wp-content\/uploads\/2023\/09\/cik_gutscheinkarte_2020_GG_ettlingen.jpg\" class=\"attachment-large size-large wp-image-502\" alt=\"\" srcset=\"https:\/\/www.werbegemeinschaft-ettlingen.de\/wp-content\/uploads\/2023\/09\/cik_gutscheinkarte_2020_GG_ettlingen.jpg 1013w, https:\/\/www.werbegemeinschaft-ettlingen.de\/wp-content\/uploads\/2023\/09\/cik_gutscheinkarte_2020_GG_ettlingen-300x189.jpg 300w, https:\/\/www.werbegemeinschaft-ettlingen.de\/wp-content\/uploads\/2023\/09\/cik_gutscheinkarte_2020_GG_ettlingen-768x484.jpg 768w\" sizes=\"(max-width: 825px) 100vw, 825px\" \/>\t\t\t\t\t\t\t\t\t\t\t\t\t\t\t<\/div>\n\t\t\t\t<\/div>\n\t\t\t\t\t<\/div>\n\t\t<\/div>\n\t\t\t\t\t<\/div>\n\t\t<\/section>\n\t\t\t\t<div class=\"elementor-element elementor-element-84f7d93 elementor-widget-divider--view-line elementor-widget elementor-widget-divider\" data-id=\"84f7d93\" data-element_type=\"widget\" data-e-type=\"widget\" data-widget_type=\"divider.default\">\n\t\t\t\t<div class=\"elementor-widget-container\">\n\t\t\t\t\t\t\t<div class=\"elementor-divider\">\n\t\t\t<span class=\"elementor-divider-separator\">\n\t\t\t\t\t\t<\/span>\n\t\t<\/div>\n\t\t\t\t\t\t<\/div>\n\t\t\t\t<\/div>\n\t\t\t\t<div class=\"elementor-element elementor-element-51e3e3f elementor-widget elementor-widget-text-editor\" data-id=\"51e3e3f\" data-element_type=\"widget\" data-e-type=\"widget\" data-widget_type=\"text-editor.default\">\n\t\t\t\t<div class=\"elementor-widget-container\">\n\t\t\t\t\t\t\t\t\t<h3><strong>Weitere Aktionen folgen hier in k\u00fcrze&#8230;<\/strong><\/h3>\t\t\t\t\t\t\t\t<\/div>\n\t\t\t\t<\/div>\n\t\t\t\t\t<\/div>\n\t\t<\/div>\n\t\t\t\t\t<\/div>\n\t\t<\/section>\n\t\t\t\t<\/div>\n\t\t","protected":false},"excerpt":{"rendered":"<p>Aktionen &amp; Projekte Viele Aktionen &amp; Projekte in der Ettlinger Innenstadt werden durch oder in Zusammenarbeit mit der Werbegemeinschaft Ettlingen e.V. organisiert. Wir arbeiten hierzu sehr eng mit der Stadt Ettlingen, dem Citymanagement und weiteren Vereinsorganen zusammen und stimmen uns regelm\u00e4\u00dfig mit diesen ab. Nachfolgen erhalten Sie eine \u00dcbersicht \u00fcber laufende Aktionen &amp; Projekte Verkaufsoffene &#8230; <a title=\"Was wir tun\" class=\"read-more\" href=\"https:\/\/www.werbegemeinschaft-ettlingen.de\/index.php\/sample-page\/was-wir-tun\/\" aria-label=\"Mehr Informationen \u00fcber Was wir tun\">Weiterlesen<\/a><\/p>\n","protected":false},"author":1,"featured_media":0,"parent":2,"menu_order":0,"comment_status":"closed","ping_status":"closed","template":"","meta":{"footnotes":""},"class_list":["post-478","page","type-page","status-publish"],"aioseo_notices":[],"_links":{"self":[{"href":"https:\/\/www.werbegemeinschaft-ettlingen.de\/index.php\/wp-json\/wp\/v2\/pages\/478","targetHints":{"allow":["GET"]}}],"collection":[{"href":"https:\/\/www.werbegemeinschaft-ettlingen.de\/index.php\/wp-json\/wp\/v2\/pages"}],"about":[{"href":"https:\/\/www.werbegemeinschaft-ettlingen.de\/index.php\/wp-json\/wp\/v2\/types\/page"}],"author":[{"embeddable":true,"href":"https:\/\/www.werbegemeinschaft-ettlingen.de\/index.php\/wp-json\/wp\/v2\/users\/1"}],"replies":[{"embeddable":true,"href":"https:\/\/www.werbegemeinschaft-ettlingen.de\/index.php\/wp-json\/wp\/v2\/comments?post=478"}],"version-history":[{"count":23,"href":"https:\/\/www.werbegemeinschaft-ettlingen.de\/index.php\/wp-json\/wp\/v2\/pages\/478\/revisions"}],"predecessor-version":[{"id":508,"href":"https:\/\/www.werbegemeinschaft-ettlingen.de\/index.php\/wp-json\/wp\/v2\/pages\/478\/revisions\/508"}],"up":[{"embeddable":true,"href":"https:\/\/www.werbegemeinschaft-ettlingen.de\/index.php\/wp-json\/wp\/v2\/pages\/2"}],"wp:attachment":[{"href":"https:\/\/www.werbegemeinschaft-ettlingen.de\/index.php\/wp-json\/wp\/v2\/media?parent=478"}],"curies":[{"name":"wp","href":"https:\/\/api.w.org\/{rel}","templated":true}]}}